{"id":340,"date":"2013-08-11T19:06:15","date_gmt":"2013-08-11T17:06:15","guid":{"rendered":"https:\/\/galiciamusicalidade.com\/about\/"},"modified":"2024-06-28T12:51:35","modified_gmt":"2024-06-28T10:51:35","slug":"about","status":"publish","type":"page","link":"https:\/\/galiciamusicalidade.com\/gl\/about\/","title":{"rendered":"Quen somos?"},"content":{"rendered":"\n  <div class=\"banner has-hover has-parallax\" id=\"banner-1246341754\">\n          <div class=\"banner-inner fill\">\n        <div class=\"banner-bg fill\" data-parallax=\"-3\" data-parallax-container=\".banner\" data-parallax-background>\n            <div class=\"bg fill bg-fill \"><\/div>\n                        <div class=\"overlay\"><\/div>            \n                    <\/div>\n\t\t\n        <div class=\"banner-layers container\">\n            <div class=\"fill banner-link\"><\/div>            \n\n   <div id=\"text-box-405448652\" class=\"text-box banner-layer x50 md-x50 lg-x50 y80 md-y80 lg-y80 res-text\">\n                                <div class=\"text-box-content text dark\">\n              \n              <div class=\"text-inner text-center\">\n                  \n\n<h1 class=\"lead\">SOBRE N\u00d3S<\/h1>\n<p class=\"lead\" style=\"text-align: center;\">Noel Turbulencias e Victoria S\u00e1nchez son os autores deste libro ilustrado sobre a m\u00fasica contempor\u00e1nea galega. Unha obra autoxestionada que trata de radiografar a escena actual, as\u00ed como po\u00f1er en contexto aos predecesores da mesma.<\/p>\n\n\n              <\/div>\n           <\/div>\n                            \n<style>\n#text-box-405448652 {\n  width: 60%;\n}\n#text-box-405448652 .text-box-content {\n  font-size: 100%;\n}\n<\/style>\n    <\/div>\n \n\n        <\/div>\n      <\/div>\n\n            \n<style>\n#banner-1246341754 {\n  padding-top: 507px;\n}\n#banner-1246341754 .bg.bg-loaded {\n  background-image: url(https:\/\/galiciamusicalidade.com\/wp-content\/uploads\/2016\/08\/dummy-2.jpg);\n}\n#banner-1246341754 .overlay {\n  background-color: rgba(0, 0, 0, 0.49);\n}\n<\/style>\n  <\/div>\n\n\n<div class=\"row\"  id=\"row-1619528437\">\n\n\n\t<div id=\"col-98126848\" class=\"col small-12 large-12\"  >\n\t\t\t\t<div class=\"col-inner\"  >\n\t\t\t\n\t\t\t\n\n<p>O libro foi <strong> escrito por Noel Turbulencias e ilustrado por Victoria S\u00e1nchez<\/strong>, dous apaixonados da m\u00fasica que uniron os seus talentos para realizar diversas labores de divulgaci\u00f3n musical.<\/p>\n<p>Por un lado, <strong>Noel<\/strong> leva m\u00e1is dunha d\u00e9cada realizando programas musicais en <strong>Cuac FM<\/strong>, a radio comunitaria da Coru\u00f1a, e fac\u00e9ndose un nome na comunicaci\u00f3n. Colaborou en secci\u00f3ns de <strong>Distrito 15<\/strong>, en <strong>Radio InterCoru\u00f1a<\/strong> con Mar\u00eda Nieto; <strong>O Galo Canta<\/strong>, de <strong>Radio Estrada<\/strong> xunto a <strong>Iago Gordillo<\/strong>; ou <strong>M\u00fasica Envenenada<\/strong>, en <strong>Radio Pol\u00edgono<\/strong> compartindo micr\u00f3fono con <strong>Samu Sobrino<\/strong>. En medios escritos participou no blog <strong>P\u00e1niko Nuclear<\/strong> e actualmente colabora na edici\u00f3n Noroeste de <strong>Mondo Sonoro<\/strong>, ademais de ser entrevistado en diversas ocasi\u00f3ns para analizar novas de tem\u00e1tica musical en medios como <strong>Onda Cero, Huffington Post, InfoLibre<\/strong> ou <strong>ABC<\/strong>.<\/p>\n<p>Por outro lado, est\u00e1 <strong>Victoria<\/strong>, ilustradora e escritora, e docente de profesi\u00f3n, que en 2021 edita <strong>Murcia Loves Indie<\/strong>, un libro de caracter\u00edsticas similares ao de Galicia, facendo o propio coa escena murciana, liderada por grupos como Arde Bogot\u00e1, Viva Suecia, Varry Brava ou Hoonine. A s\u00faa obra foi lanzada desde a m\u00e1is pura e aut\u00e9ntica autoxesti\u00f3n, <strong>logrando vender m\u00e1is de 1.000 copias en menos dun ano<\/strong>.<\/p>\n<div class=\"text-center\"><div class=\"is-divider divider clearfix\" ><\/div><\/div>\n\n\n\t\t<\/div>\n\t\t\t\t\t<\/div>\n\n\t\n\n<\/div>\n<div class=\"row row-large\"  id=\"row-1768262125\">\n\n\n\t<div id=\"col-995894765\" class=\"col medium-3 small-12 large-3\"  >\n\t\t\t\t<div class=\"col-inner\"  >\n\t\t\t\n\t\t\t\n\n\n\t\t<\/div>\n\t\t\t\t\t<\/div>\n\n\t\n\n\t<div id=\"col-1670193793\" class=\"col medium-3 small-12 large-3\"  >\n\t\t\t\t<div class=\"col-inner\"  >\n\t\t\t\n\t\t\t\n\n    <div class=\"box has-hover has-hover box-text-bottom\" >\n\n                  <div class=\"box-image \" style=\"width:80%;\">\n           <div class=\"box-image-inner image-cover\" style=\"border-radius:100%;padding-top:100%;\">\n              <img loading=\"lazy\" decoding=\"async\" width=\"1080\" height=\"1080\" src=\"https:\/\/galiciamusicalidade.com\/wp-content\/uploads\/2024\/03\/noel-5.png\" class=\"attachment- size-\" alt=\"\" \/>                         <\/div>\n          <\/div>\n         \n          <div class=\"box-text text-center\" >\n                <div class=\"box-text-inner\">\n                  <h4 class=\"uppercase\">\n                    <span class=\"person-name\">Noel Turbulencias<\/span><br\/>\n                    <span class=\"person-title is-small thin-font op-7\">\n                      Textos e conceptualizaci\u00f3n                    <\/span>\n                  <\/h4>\n\t\t\t\t\t<div class=\"social-icons follow-icons\" ><a href=\"\u00b7\" target=\"_blank\" data-label=\"Instagram\" class=\"icon button circle is-outline instagram tooltip\" title=\"Follow on Instagram\" aria-label=\"Follow on Instagram\" rel=\"noopener nofollow\" ><i class=\"icon-instagram\" ><\/i><\/a><a href=\"\u00b7\" data-label=\"X\" target=\"_blank\" class=\"icon button circle is-outline x tooltip\" title=\"Follow on X\" aria-label=\"Follow on X\" rel=\"noopener nofollow\" ><i class=\"icon-x\" ><\/i><\/a><a href=\"mailto:#\" data-label=\"E-mail\" target=\"_blank\" class=\"icon button circle is-outline email tooltip\" title=\"Send us an email\" aria-label=\"Send us an email\" rel=\"nofollow noopener\" ><i class=\"icon-envelop\" ><\/i><\/a><\/div>\n\n<p style=\"text-align: center;\"><span class=\"OYPEnA text-decoration-none text-strikethrough-none\">Divulgador musical vinculado ao mundo radiof\u00f3nico<\/span> dende fai m\u00e1is dunha d\u00e9cada<\/p>\n<p style=\"text-align: center;\">(Cuac FM) focaliza a s\u00faa paix\u00f3n pola m\u00fasica para encargase dos textos e a conceptualizaci\u00f3n da obra<\/p>\n\n                <\/div>\n          <\/div>\n    <\/div>\n\n\t\n    \n\n\t\t<\/div>\n\t\t\t\t\t<\/div>\n\n\t\n\n\t<div id=\"col-1340255129\" class=\"col medium-3 small-12 large-3\"  >\n\t\t\t\t<div class=\"col-inner\"  >\n\t\t\t\n\t\t\t\n\n    <div class=\"box has-hover has-hover box-text-bottom\" >\n\n                  <div class=\"box-image \" style=\"width:80%;\">\n           <div class=\"box-image-inner image-cover\" style=\"border-radius:100%;padding-top:100%;\">\n              <img loading=\"lazy\" decoding=\"async\" width=\"1080\" height=\"1080\" src=\"https:\/\/galiciamusicalidade.com\/wp-content\/uploads\/2024\/03\/noel-6.png\" class=\"attachment- size-\" alt=\"\" \/>                         <\/div>\n          <\/div>\n         \n          <div class=\"box-text text-center\" >\n                <div class=\"box-text-inner\">\n                  <h4 class=\"uppercase\">\n                    <span class=\"person-name\">Victoria S\u00e1nchez<\/span><br\/>\n                    <span class=\"person-title is-small thin-font op-7\">\n                      ilustraciones e decisi\u00f3ns art\u00edsticas                    <\/span>\n                  <\/h4>\n\t\t\t\t\t<div class=\"social-icons follow-icons\" ><a href=\".\" target=\"_blank\" data-label=\"Instagram\" class=\"icon button circle is-outline instagram tooltip\" title=\"Follow on Instagram\" aria-label=\"Follow on Instagram\" rel=\"noopener nofollow\" ><i class=\"icon-instagram\" ><\/i><\/a><a href=\".\" data-label=\"X\" target=\"_blank\" class=\"icon button circle is-outline x tooltip\" title=\"Follow on X\" aria-label=\"Follow on X\" rel=\"noopener nofollow\" ><i class=\"icon-x\" ><\/i><\/a><a href=\"mailto:#\" data-label=\"E-mail\" target=\"_blank\" class=\"icon button circle is-outline email tooltip\" title=\"Send us an email\" aria-label=\"Send us an email\" rel=\"nofollow noopener\" ><i class=\"icon-envelop\" ><\/i><\/a><\/div>\n\n<p><span class=\"OYPEnA text-decoration-none text-strikethrough-none\">Autora do libro Murcia Loves Indie, unha obra de caracter\u00edsicas similares a Galicia MusiCalidade pero con artistas da Region de Murcia. Nesta ocasi\u00f3n<\/span> <span class=\"OYPEnA text-decoration-none text-strikethrough-none\">c\u00e9ntrase \u00fanicamente no apartado visual do proxecto.<\/span><\/p>\n\n                <\/div>\n          <\/div>\n    <\/div>\n\n\t\n    \n\n\t\t<\/div>\n\t\t\t\t\t<\/div>\n\n\t\n\n<\/div>","protected":false},"excerpt":{"rendered":"","protected":false},"author":1,"featured_media":203,"parent":0,"menu_order":0,"comment_status":"closed","ping_status":"closed","template":"page-blank.php","meta":{"footnotes":""},"class_list":["post-340","page","type-page","status-publish","has-post-thumbnail","hentry"],"_links":{"self":[{"href":"https:\/\/galiciamusicalidade.com\/gl\/wp-json\/wp\/v2\/pages\/340","targetHints":{"allow":["GET"]}}],"collection":[{"href":"https:\/\/galiciamusicalidade.com\/gl\/wp-json\/wp\/v2\/pages"}],"about":[{"href":"https:\/\/galiciamusicalidade.com\/gl\/wp-json\/wp\/v2\/types\/page"}],"author":[{"embeddable":true,"href":"https:\/\/galiciamusicalidade.com\/gl\/wp-json\/wp\/v2\/users\/1"}],"replies":[{"embeddable":true,"href":"https:\/\/galiciamusicalidade.com\/gl\/wp-json\/wp\/v2\/comments?post=340"}],"version-history":[{"count":2,"href":"https:\/\/galiciamusicalidade.com\/gl\/wp-json\/wp\/v2\/pages\/340\/revisions"}],"predecessor-version":[{"id":434,"href":"https:\/\/galiciamusicalidade.com\/gl\/wp-json\/wp\/v2\/pages\/340\/revisions\/434"}],"wp:featuredmedia":[{"embeddable":true,"href":"https:\/\/galiciamusicalidade.com\/gl\/wp-json\/wp\/v2\/media\/203"}],"wp:attachment":[{"href":"https:\/\/galiciamusicalidade.com\/gl\/wp-json\/wp\/v2\/media?parent=340"}],"curies":[{"name":"wp","href":"https:\/\/api.w.org\/{rel}","templated":true}]}}