{"id":438,"date":"2024-04-30T11:45:54","date_gmt":"2024-04-30T09:45:54","guid":{"rendered":"https:\/\/galiciamusicalidade.com\/librerias-e-obradoiros\/"},"modified":"2024-06-28T13:07:01","modified_gmt":"2024-06-28T11:07:01","slug":"librerias-e-obradoiros","status":"publish","type":"page","link":"https:\/\/galiciamusicalidade.com\/gl\/librerias-e-obradoiros\/","title":{"rendered":"Librer\u00edas e obradoiros"},"content":{"rendered":"<div class=\"row\"  id=\"row-1087270243\">\n\n\n\t<div id=\"col-862160991\" class=\"col small-12 large-12\"  >\n\t\t\t\t<div class=\"col-inner\"  >\n\t\t\t\n\t\t\t\n\n<div class=\"text-center\"><div class=\"is-divider divider clearfix\" ><\/div><\/div>\n\n\n\t\t<\/div>\n\t\t\t\t\t<\/div>\n\n\t\n\n<\/div>\n\n  <div class=\"banner has-hover has-parallax\" id=\"banner-1970569941\">\n          <div class=\"banner-inner fill\">\n        <div class=\"banner-bg fill\" data-parallax=\"-3\" data-parallax-container=\".banner\" data-parallax-background>\n            <div class=\"bg fill bg-fill \"><\/div>\n                        <div class=\"overlay\"><\/div>            \n                    <\/div>\n\t\t\n        <div class=\"banner-layers container\">\n            <div class=\"fill banner-link\"><\/div>            \n\n   <div id=\"text-box-1563740453\" class=\"text-box banner-layer x50 md-x50 lg-x50 y80 md-y80 lg-y80 res-text\">\n                                <div class=\"text-box-content text dark\">\n              \n              <div class=\"text-inner text-center\">\n                  \n\n<h1 class=\"lead\">Obradoiros e librer\u00edas<\/h1>\n<p class=\"lead\" style=\"text-align: center;\">Neste apartado da web informamovos sobre os obradoiros relacionados con Galicia MusiCalidade que ofertamos. e facilitamosvos un listado das librer\u00edas onde est\u00e1 disponible o libro ou, no caso de non estalo, onde pod\u00e9is solicitalo.<\/p>\n\n              <\/div>\n           <\/div>\n                            \n<style>\n#text-box-1563740453 {\n  width: 60%;\n}\n#text-box-1563740453 .text-box-content {\n  font-size: 100%;\n}\n<\/style>\n    <\/div>\n \n\n        <\/div>\n      <\/div>\n\n            \n<style>\n#banner-1970569941 {\n  padding-top: 507px;\n}\n#banner-1970569941 .bg.bg-loaded {\n  background-image: url(https:\/\/galiciamusicalidade.com\/wp-content\/uploads\/2016\/08\/dummy-2.jpg);\n}\n#banner-1970569941 .overlay {\n  background-color: rgba(0, 0, 0, 0.49);\n}\n<\/style>\n  <\/div>\n\n\n<h1>\u00a0<\/h1>\n<h1 style=\"text-align: center;\">OBRADOIROS<\/h1>\n<p>O principal obxectivo dos obradoiros \u00e9 po\u00f1er en valor a m\u00fasica que se realiza en Galicia. Para iso, o obradoiro parte do di\u00e1logo co alumnado para identificar os seus co\u00f1ecementos previos en canto a que tipo de canci\u00f3ns escoitan eles ou os seus titores na casa, artistas ou bandas que seguen e, sobre todo, reco\u00f1ecemento dos distintos x\u00e9neros musicais (pop, rock, electr\u00f3nica, rap, folk, etc.), ademais da relaci\u00f3n de certos x\u00e9neros con instrumentos espec\u00edficos. A partir deste momento, presentaremos unha serie de grupos e solistas galegos, que a trav\u00e9s dunha gamificaci\u00f3n intentaremos ubicalos dentro dos distintos x\u00e9neros musicais previamente presentados.<\/p>\n<p><img loading=\"lazy\" decoding=\"async\" class=\"alignleft wp-image-366\" src=\"http:\/\/galiciamusicalidade.com\/wp-content\/uploads\/2024\/05\/IMG_20240407_121746-01.jpeg\" alt=\"\" width=\"200\" height=\"273\" \/><\/p>\n<p>\u00a0<\/p>\n<p>Po\u00f1eremos o foco nos posibles prexu\u00edzos e subli\u00f1aremos que os x\u00e9neros musicais non son recipientes estancos, xa que poden fusionarse entre eles ou verse influenciados directamente por outros, polo que haber\u00e1 artistas que poden pertencer a varios x\u00e9neros simultaneamente. Destacaremos, polo tanto, a versatilidade da escena musical contempor\u00e1nea en Galicia.<\/p>\n<p><img loading=\"lazy\" decoding=\"async\" class=\"alignright wp-image-368\" src=\"http:\/\/galiciamusicalidade.com\/wp-content\/uploads\/2024\/05\/InCollage_20240501_144237847.jpg\" alt=\"\" width=\"175\" height=\"175\" \/>O obradoiro pode ser ampliado realizando actividades de creaci\u00f3n de contido radiof\u00f3nico ou audiovisual coa intenci\u00f3n de fomentar a m\u00fasica galega. Segundo as necesidades temporais, poderiamos gravar pequenas cu\u00f1as de promoci\u00f3n de artistas, curtos divulgativos con intencionalidade de que sexan atractivos para redes sociais, ou a elaboraci\u00f3n de entrevistas a artistas galegos, as\u00ed como un podcast en formato magazine musical no que mesturar varios destes conceptos.<\/p>\n<p>\u00a0<\/p>\n<p><img loading=\"lazy\" decoding=\"async\" class=\"wp-image-370 aligncenter\" src=\"http:\/\/galiciamusicalidade.com\/wp-content\/uploads\/2024\/05\/InCollage_20240501_150210437.jpg\" alt=\"\" width=\"350\" height=\"263\" \/><\/p>\n<p>\u00a0<\/p>\n<p>\u00a0<\/p>\n<h1 style=\"text-align: center;\">LIBRER\u00cdAS<\/h1>\n<p>\u00a0<\/p>\n<p><em>Alita Comics<\/em> &#8211; Avenida\u00a0<em>Finisterre<\/em> 99B 15004 &#8211;\u00a0 A Coru\u00f1a\u00a0<\/p>\n<p>Marilians Records &#8211; C\/ Noviciado 9 Local 7 28015 &#8211; <em>Madrid<\/em><\/p>\n<p>\u00a0<\/p>\n<div class=\"row row-large\"  id=\"row-1346765832\">\n\n\n\t<div id=\"col-585176230\" class=\"col medium-3 small-12 large-3\"  >\n\t\t\t\t<div class=\"col-inner\"  >\n\t\t\t\n\t\t\t\n\n\n\t\t<\/div>\n\t\t\t\t\t<\/div>\n\n\t\n\n\t<div id=\"col-1201019844\" class=\"col medium-3 small-12 large-3\"  >\n\t\t\t\t<div class=\"col-inner\"  >\n\t\t\t\n\t\t\t\n\n    <div class=\"box has-hover has-hover box-text-bottom\" >\n\n         <a href=\"https:\/\/www.instagram.com\/noelturbulencias\/\" target=\"_blank\" rel=\"noopener\" >         <div class=\"box-image \" style=\"width:80%;\">\n           <div class=\"box-image-inner image-cover\" style=\"border-radius:100%;padding-top:100%;\">\n              <img loading=\"lazy\" decoding=\"async\" width=\"1080\" height=\"1080\" src=\"https:\/\/galiciamusicalidade.com\/wp-content\/uploads\/2024\/03\/noel-5.png\" class=\"attachment- size-\" alt=\"\" \/>                         <\/div>\n          <\/div>\n         <\/a>\n          <div class=\"box-text text-center\" >\n                <div class=\"box-text-inner\">\n                  <h4 class=\"uppercase\">\n                    <span class=\"person-name\">Noel Turbulencias<\/span><br\/>\n                    <span class=\"person-title is-small thin-font op-7\">\n                      Textos e conceptualizaci\u00f3n                    <\/span>\n                  <\/h4>\n\t\t\t\t\t<div class=\"social-icons follow-icons\" ><a href=\"https:\/\/www.instagram.com\/noelturbulencias\/\" target=\"_blank\" data-label=\"Instagram\" class=\"icon button circle is-outline instagram tooltip\" title=\"Follow on Instagram\" aria-label=\"Follow on Instagram\" rel=\"noopener nofollow\" ><i class=\"icon-instagram\" ><\/i><\/a><a href=\"https:\/\/twitter.com\/NoelTurbulencia\" data-label=\"X\" target=\"_blank\" class=\"icon button circle is-outline x tooltip\" title=\"Follow on X\" aria-label=\"Follow on X\" rel=\"noopener nofollow\" ><i class=\"icon-x\" ><\/i><\/a><a href=\"mailto:galiciamusicalidade@gmail.com\" data-label=\"E-mail\" target=\"_blank\" class=\"icon button circle is-outline email tooltip\" title=\"Send us an email\" aria-label=\"Send us an email\" rel=\"nofollow noopener\" ><i class=\"icon-envelop\" ><\/i><\/a><\/div>\n\n<p style=\"text-align: center;\"><span class=\"OYPEnA text-decoration-none text-strikethrough-none\">Divulgador musical vinculado ao mundo radiof\u00f3nico<\/span> dende fai m\u00e1is dunha d\u00e9cada<\/p>\n<p style=\"text-align: center;\">(Cuac FM) focaliza a s\u00faa paix\u00f3n pola m\u00fasica para encargase dos textos e a conceptualizaci\u00f3n da obra<\/p>\n\n                <\/div>\n          <\/div>\n    <\/div>\n\n\t\n    \n\n\t\t<\/div>\n\t\t\t\t\t<\/div>\n\n\t\n\n\t<div id=\"col-1654965190\" class=\"col medium-3 small-12 large-3\"  >\n\t\t\t\t<div class=\"col-inner\"  >\n\t\t\t\n\t\t\t\n\n    <div class=\"box has-hover has-hover box-text-bottom\" >\n\n                  <div class=\"box-image \" style=\"width:80%;\">\n           <div class=\"box-image-inner image-cover\" style=\"border-radius:100%;padding-top:100%;\">\n              <img loading=\"lazy\" decoding=\"async\" width=\"1080\" height=\"1080\" src=\"https:\/\/galiciamusicalidade.com\/wp-content\/uploads\/2024\/03\/noel-6.png\" class=\"attachment- size-\" alt=\"\" \/>                         <\/div>\n          <\/div>\n         \n          <div class=\"box-text text-center\" >\n                <div class=\"box-text-inner\">\n                  <h4 class=\"uppercase\">\n                    <span class=\"person-name\">Victoria S\u00e1nchez<\/span><br\/>\n                    <span class=\"person-title is-small thin-font op-7\">\n                      ilustraciones e decisi\u00f3ns art\u00edsticas                    <\/span>\n                  <\/h4>\n\t\t\t\t\t<div class=\"social-icons follow-icons\" ><a href=\"https:\/\/www.instagram.com\/marivisuarte\/\" target=\"_blank\" data-label=\"Instagram\" class=\"icon button circle is-outline instagram tooltip\" title=\"Follow on Instagram\" aria-label=\"Follow on Instagram\" rel=\"noopener nofollow\" ><i class=\"icon-instagram\" ><\/i><\/a><a href=\"https:\/\/twitter.com\/marivisual\" data-label=\"X\" target=\"_blank\" class=\"icon button circle is-outline x tooltip\" title=\"Follow on X\" aria-label=\"Follow on X\" rel=\"noopener nofollow\" ><i class=\"icon-x\" ><\/i><\/a><a href=\"mailto:galiciamusicalidade@gmail.com\" data-label=\"E-mail\" target=\"_blank\" class=\"icon button circle is-outline email tooltip\" title=\"Send us an email\" aria-label=\"Send us an email\" rel=\"nofollow noopener\" ><i class=\"icon-envelop\" ><\/i><\/a><\/div>\n\n<p><span class=\"OYPEnA text-decoration-none text-strikethrough-none\">Autora do libro Murcia Loves Indie, unha obra de caracter\u00edsicas similares a Galicia MusiCalidade pero con artistas da Region de Murcia. Nesta ocasi\u00f3n<\/span> <span class=\"OYPEnA text-decoration-none text-strikethrough-none\">c\u00e9ntrase \u00fanicamente no apartado visual do proxecto.<\/span><\/p>\n\n                <\/div>\n          <\/div>\n    <\/div>\n\n\t\n    \n\n\t\t<\/div>\n\t\t\t\t\t<\/div>\n\n\t\n\n<\/div>","protected":false},"excerpt":{"rendered":"","protected":false},"author":1,"featured_media":0,"parent":0,"menu_order":0,"comment_status":"closed","ping_status":"closed","template":"","meta":{"footnotes":""},"class_list":["post-438","page","type-page","status-publish","hentry"],"_links":{"self":[{"href":"https:\/\/galiciamusicalidade.com\/gl\/wp-json\/wp\/v2\/pages\/438","targetHints":{"allow":["GET"]}}],"collection":[{"href":"https:\/\/galiciamusicalidade.com\/gl\/wp-json\/wp\/v2\/pages"}],"about":[{"href":"https:\/\/galiciamusicalidade.com\/gl\/wp-json\/wp\/v2\/types\/page"}],"author":[{"embeddable":true,"href":"https:\/\/galiciamusicalidade.com\/gl\/wp-json\/wp\/v2\/users\/1"}],"replies":[{"embeddable":true,"href":"https:\/\/galiciamusicalidade.com\/gl\/wp-json\/wp\/v2\/comments?post=438"}],"version-history":[{"count":5,"href":"https:\/\/galiciamusicalidade.com\/gl\/wp-json\/wp\/v2\/pages\/438\/revisions"}],"predecessor-version":[{"id":443,"href":"https:\/\/galiciamusicalidade.com\/gl\/wp-json\/wp\/v2\/pages\/438\/revisions\/443"}],"wp:attachment":[{"href":"https:\/\/galiciamusicalidade.com\/gl\/wp-json\/wp\/v2\/media?parent=438"}],"curies":[{"name":"wp","href":"https:\/\/api.w.org\/{rel}","templated":true}]}}