{"id":161,"date":"2024-03-08T18:15:28","date_gmt":"2024-03-08T17:15:28","guid":{"rendered":"https:\/\/galiciamusicalidade.com\/?post_type=product&#038;p=161"},"modified":"2026-04-17T11:00:49","modified_gmt":"2026-04-17T09:00:49","slug":"galicia-musicalidade","status":"publish","type":"product","link":"https:\/\/galiciamusicalidade.com\/gl\/producto\/galicia-musicalidade\/","title":{"rendered":"Galicia MusiCalidade"},"content":{"rendered":"<p>Este proyecto se trata de un libro ilustrado sobre la m\u00fasica contemporanea gallega. Su t\u00edtulo es <strong>Galicia MusiCalidade: Unha terra feita de acordes.<\/strong><\/p>\n<p>El libro aspira a ser\u00a0<strong>una obra accesible y visualmente cautivadora<\/strong>\u00a0para amantes de la m\u00fasica, pero tambi\u00e9n para personas que se est\u00e1n iniciando en la\u00a0<strong>escena del noroeste peninsular.<\/strong>Se centra sobre todo en los artistas que han conquistado los escenarios de la comunidad aut\u00f3noma en la actualidad y, adem\u00e1s, tiene en cuenta a todos los solistas y bandas que han sido referentes y allanado el camino. Sin embargo, esta publicaci\u00f3n intenta abarcar g\u00e9neros de electr\u00f3nica, rock, rap, entre muchos otros, con especial atenci\u00f3n a los artistas que han supuesto un punto de inflexi\u00f3n en sus g\u00e9neros o que han experimentado una gran acogida por parte del p\u00fablico. La obra son <strong>aproximadamente 100 p\u00e1ginas<\/strong>\u00a0en las que los textos van maquetados sobre las\u00a0<strong>ilustraciones<\/strong>\u00a0intentando que se parezca lo menos posible a un enciclopedia y que tenga un apertura a primera vista fresca y cautivadora. El enfoque se sit\u00faa firmemente en la m\u00fasica contempor\u00e1nea de Galicia, en las voces y melod\u00edas que definen el siglo XXI. A medida que exploramos las p\u00e1ginas de este libro, nos sumergimos en la creaci\u00f3n musical y art\u00edstica que est\u00e1 dando forma a la identidad sonora de esta regi\u00f3n en el presente.<\/p>\n<p>Sin embargo, no podemos olvidar que la m\u00fasica no surge de la nada; est\u00e1 arraigada en la historia y en aquellos visionarios que allanaron el camino. A lo largo de sus hojas, tambi\u00e9n rendimos homenaje a los precursores que, con sus contribuciones, sentaron las bases para la vigorosa escena musical actual.<\/p>\n<p>Esta obra contiene en su interior un universo sonoro diverso y apasionante. Desde los legendarios\u00a0<strong>Golpes Bajos<\/strong>\u00a0o\u00a0<strong>Siniestro Total<\/strong>\u00a0hasta la energ\u00eda punk de\u00a0<strong>Terbutalina<\/strong>, el folclore tradicional de\u00a0<strong>Carlos N\u00fa\u00f1ez<\/strong>\u00a0y la fusi\u00f3n \u00fanica de\u00a0<strong>Baiuca<\/strong>. Figuras como\u00a0<strong>Iv\u00e1n Ferreiro<\/strong>\u00a0y\u00a0<strong>Xoel L\u00f3pez<\/strong>\u00a0comparten espacio con la frescura de\u00a0<strong>Novedades Carminha<\/strong>\u00a0y la innovaci\u00f3n de artistas como\u00a0<strong>Cora Novoa<\/strong>.<\/p>\n<p>Tambi\u00e9n se puede disfrutar entre sus l\u00edneas de artistas relativamente reci\u00e9n llegados como\u00a0<strong>Fillas de Cassandra, Grande Amore, Boyanka Kostova<\/strong>\u00a0o\u00a0<strong>The Rapants<\/strong>.<\/p>\n<p>Este libro te invita a explorar desde las ra\u00edces tradicionales hasta los sonidos m\u00e1s vanguardistas, destacando la riqueza musical que define la identidad gallega.<\/p>\n","protected":false},"excerpt":{"rendered":"<p>Un libro ilustrado sobre la m\u00fasica contemporanea gallega y sus predecesores.<\/p>\n","protected":false},"featured_media":7,"comment_status":"open","ping_status":"closed","template":"","meta":[],"product_brand":[],"product_cat":[16],"product_tag":[],"class_list":{"0":"post-161","1":"product","2":"type-product","3":"status-publish","4":"has-post-thumbnail","6":"product_cat-libros","8":"first","9":"outofstock","10":"taxable","11":"shipping-taxable","12":"purchasable","13":"product-type-variable"},"_links":{"self":[{"href":"https:\/\/galiciamusicalidade.com\/gl\/wp-json\/wp\/v2\/product\/161","targetHints":{"allow":["GET"]}}],"collection":[{"href":"https:\/\/galiciamusicalidade.com\/gl\/wp-json\/wp\/v2\/product"}],"about":[{"href":"https:\/\/galiciamusicalidade.com\/gl\/wp-json\/wp\/v2\/types\/product"}],"replies":[{"embeddable":true,"href":"https:\/\/galiciamusicalidade.com\/gl\/wp-json\/wp\/v2\/comments?post=161"}],"wp:featuredmedia":[{"embeddable":true,"href":"https:\/\/galiciamusicalidade.com\/gl\/wp-json\/wp\/v2\/media\/7"}],"wp:attachment":[{"href":"https:\/\/galiciamusicalidade.com\/gl\/wp-json\/wp\/v2\/media?parent=161"}],"wp:term":[{"taxonomy":"product_brand","embeddable":true,"href":"https:\/\/galiciamusicalidade.com\/gl\/wp-json\/wp\/v2\/product_brand?post=161"},{"taxonomy":"product_cat","embeddable":true,"href":"https:\/\/galiciamusicalidade.com\/gl\/wp-json\/wp\/v2\/product_cat?post=161"},{"taxonomy":"product_tag","embeddable":true,"href":"https:\/\/galiciamusicalidade.com\/gl\/wp-json\/wp\/v2\/product_tag?post=161"}],"curies":[{"name":"wp","href":"https:\/\/api.w.org\/{rel}","templated":true}]}}